{"id":319,"date":"2026-02-01T17:45:43","date_gmt":"2026-02-01T17:45:43","guid":{"rendered":"https:\/\/didaktos.io\/?page_id=319"},"modified":"2026-02-01T17:45:45","modified_gmt":"2026-02-01T17:45:45","slug":"como-crear-una-explicacion-visual-del-ciclo-del-agua-para-sexto-grado-en-didaktos","status":"publish","type":"page","link":"https:\/\/didaktos.io\/es\/how-to-create-a-visual-explanation-of-the-water-cycle-for-6th-grade-in-didaktos\/","title":{"rendered":"C\u00f3mo crear una explicaci\u00f3n visual del ciclo del agua para sexto grado en Didaktos"},"content":{"rendered":"<!-- Didaktos \u2013 Step-by-step tutorial block for Gutenberg (STEM \u2013 Water Cycle, 6th Grade) -->\n<div class=\"didaktos-tutorial\">\n\n  <h2>Tutorial paso a paso<\/h2>\n  <p><strong>Caso de uso:<\/strong> \u201cNecesito una explicaci\u00f3n visual del ciclo del agua para 6\u00ba de primaria\u201d.\u201d<\/p>\n\n  <h3>1. Abre Didaktos y ve a Planificaci\u00f3n<\/h3>\n  <ol>\n    <li><strong>Iniciar sesi\u00f3n<\/strong> A Didaktos.<\/li>\n    <li>Desde el men\u00fa principal, haz clic en <strong>\u201cPlanificaci\u00f3n\u201d<\/strong>.<\/li>\n    <li>En la pantalla de Planificaci\u00f3n, selecciona <strong>\u201cPlan Anual\u201d<\/strong>.<\/li>\n  <\/ol>\n\n  <h3>2. Establecer plan de estudios, grado y materia<\/h3>\n  <ol>\n    <li>\n      <strong>Men\u00fa desplegable del curr\u00edculum<\/strong><br>\n      Haga clic en el primer <strong>\u201cEscribe...\u201d<\/strong> campo y elegir\n      <strong>\u201cNGSS - Secundaria (Ciencias de la Tierra y del Espacio)\u201d<\/strong>.\n    <\/li>\n    <li>\n      <strong>Men\u00fa desplegable de calificaci\u00f3n:<\/strong><br>\n      Haz clic en el segundo <strong>\u201cSeleccionar\u2026\u201d<\/strong> campo y elegir\n      <strong>\u201cSexto grado.<\/strong>\n    <\/li>\n    <li>\n      <strong>Asunto lista desplegable:<\/strong><br>\n      Haga clic en el tercer <strong>\u201cSeleccionar\u2026\u201d<\/strong> campo y elegir\n      <strong>\u201cCiencias Naturales\u201d.<\/strong>\n    <\/li>\n    <li>\n      <strong>Men\u00fa desplegable de formato:<\/strong><br>\n      Aseg\u00farate <strong>\u201cTexto plano\u201d<\/strong> se selecciona.\n    <\/li>\n  <\/ol>\n\n  <h3>3. Escriba el tema \/ las instrucciones<\/h3>\n  <ol>\n    <li>\n      Haga clic dentro del <strong>\u201cTema \/ Instrucciones\u201d<\/strong> caja de texto.\n    <\/li>\n    <li>\n      Escribe lo siguiente (o algo muy similar):\n      <blockquote>\n        Crear una explicaci\u00f3n clara y visual del ciclo del agua para alumnos de 6\u00ba curso. Incluya y defina las etapas clave (evaporaci\u00f3n, condensaci\u00f3n, precipitaci\u00f3n, captaci\u00f3n y transpiraci\u00f3n). Utilice un lenguaje sencillo e im\u00e1genes v\u00edvidas que los alumnos puedan imaginar f\u00e1cilmente. Organiza la explicaci\u00f3n de modo que pueda convertirse en un diagrama o infograf\u00eda, e incluye un breve resumen al final.\n      <\/blockquote>\n    <\/li>\n    <li>\n      Opcionalmente, agregue restricciones como:\n      <ul>\n        <li>\u201cMant\u00e9n la explicaci\u00f3n en menos\u201d<\/li>\n        <li>\u201cConc\u00e9ntrate en ejemplos del mundo real.\u201d<\/li>\n        <li>\u201cEvita la jerga t\u00e9cnica.\u201d<\/li>\n      <\/ul>\n    <\/li>\n  <\/ol>\n\n  <h3>4. (Opcional) Adjuntar archivos de apoyo<\/h3>\n  <ol>\n    <li>Haz clic <strong>\u201cAdjuntar\u201d<\/strong> bot\u00f3n.<\/li>\n    <li>Selecciona un archivo de tu computadora (diagrama, hoja de trabajo, lecci\u00f3n anterior).<\/li>\n    <li>Confirme la carga para que el archivo quede vinculado a esta solicitud de planificaci\u00f3n.<\/li>\n  <\/ol>\n\n  <h3>5. Elegir idioma<\/h3>\n  <ol>\n    <li>En la esquina superior derecha, haz clic <strong>\u201cIngl\u00e9s\u201d<\/strong> por lo que la explicaci\u00f3n se genera en ingl\u00e9s.<\/li>\n    <li>Si m\u00e1s tarde quieres una versi\u00f3n en espa\u00f1ol, cambia a <strong>\u201cEspa\u00f1ol\u201d<\/strong> y volver a generar o solicitar una traducci\u00f3n.<\/li>\n  <\/ol>\n\n  <h3>6. Generar la explicaci\u00f3n visual<\/h3>\n  <ol>\n    <li>Revisar todos los campos:\n      <ul>\n        <li><strong>Plan de estudios:<\/strong> NGSS \u2013 Escuela Secundaria (Ciencias de la Tierra y el Espacio)<\/li>\n        <li><strong>Calificaci\u00f3n:<\/strong> Sexto grado<\/li>\n        <li><strong>Asunto:<\/strong> STEM \/ Ciencia<\/li>\n        <li><strong>Formato:<\/strong> Texto sin formato<\/li>\n        <li><strong>Tema \/ Instrucciones:<\/strong> Tu detallada solicitud sobre el ciclo del agua<\/li>\n      <\/ul>\n    <\/li>\n    <li>Haz clic <strong>\u201cGenerar Recurso\u201d<\/strong> bot\u00f3n.<\/li>\n    <li>Espera unos segundos mientras Didaktos crea la explicaci\u00f3n.<\/li>\n  <\/ol>\n\n  <h3>7. Revisar y refinar el resultado<\/h3>\n  <ol>\n    <li>\n      Lee la explicaci\u00f3n generada y comprueba que:\n      <ul>\n        <li>Incluye <strong>evaporaci\u00f3n, condensaci\u00f3n, precipitaci\u00f3n, recolecci\u00f3n y transpiraci\u00f3n<\/strong>.<\/li>\n        <li>Usos <strong>lenguaje visual y descriptivo<\/strong>.<\/li>\n        <li>Es apropiado para <strong>Estudiantes de sexto grado<\/strong>.<\/li>\n      <\/ul>\n    <\/li>\n    <li>\n      Si es necesario, refine con indicaciones de seguimiento, por ejemplo:\n      <ul>\n        <li>\u201cA\u00f1ada una descripci\u00f3n de diagrama simple.\u201d<\/li>\n        <li>\u201cIncluye una breve comprobaci\u00f3n de comprensi\u00f3n.\u201d<\/li>\n        <li>\u201cReescribe usando palabras m\u00e1s sencillas.\u201d<\/li>\n      <\/ul>\n    <\/li>\n  <\/ol>\n\n  <h3>8. Guardar, exportar o reutilizar<\/h3>\n  <ol>\n    <li>Guarda la explicaci\u00f3n dentro de Didaktos (por ejemplo, \u201cGuardar\u201d o \u201cA\u00f1adir a la biblioteca\u201d).<\/li>\n    <li>Exportar como PDF, Word o copiarlo en tu LMS o diapositivas.<\/li>\n    <li>Etiquetalo como <strong>\u201cCiclo del agua - STEM - 6\u00ba curso\u201d<\/strong> as\u00ed puedes reutilizarlo o adaptarlo m\u00e1s adelante.<\/li>\n  <\/ol>\n\n<\/div>\n\n\n\n<figure class=\"wp-block-image size-large\"><img decoding=\"async\" src=\"http:\/\/didaktos.io\/wp-content\/uploads\/2026\/02\/Explanation-of-the-Water-Cycle-for-6th-Grade-.png\" alt=\"\"\/><\/figure>","protected":false},"excerpt":{"rendered":"<p>Step\u2011by\u2011step tutorial Use case: \u201cI need a visual explanation of the water cycle for 6th grade.\u201d 1. Open Didaktos and [&hellip;]<\/p>\n","protected":false},"author":1,"featured_media":0,"parent":0,"menu_order":0,"comment_status":"closed","ping_status":"closed","template":"","meta":{"site-sidebar-layout":"default","site-content-layout":"","ast-site-content-layout":"default","site-content-style":"default","site-sidebar-style":"default","ast-global-header-display":"","ast-banner-title-visibility":"","ast-main-header-display":"","ast-hfb-above-header-display":"","ast-hfb-below-header-display":"","ast-hfb-mobile-header-display":"","site-post-title":"","ast-breadcrumbs-content":"","ast-featured-img":"","footer-sml-layout":"","ast-disable-related-posts":"","theme-transparent-header-meta":"","adv-header-id-meta":"","stick-header-meta":"","header-above-stick-meta":"","header-main-stick-meta":"","header-below-stick-meta":"","astra-migrate-meta-layouts":"default","ast-page-background-enabled":"default","ast-page-background-meta":{"desktop":{"background-color":"var(--ast-global-color-5)","background-image":"","background-repeat":"repeat","background-position":"center center","background-size":"auto","background-attachment":"scroll","background-type":"","background-media":"","overlay-type":"","overlay-color":"","overlay-opacity":"","overlay-gradient":""},"tablet":{"background-color":"","background-image":"","background-repeat":"repeat","background-position":"center center","background-size":"auto","background-attachment":"scroll","background-type":"","background-media":"","overlay-type":"","overlay-color":"","overlay-opacity":"","overlay-gradient":""},"mobile":{"background-color":"","background-image":"","background-repeat":"repeat","background-position":"center center","background-size":"auto","background-attachment":"scroll","background-type":"","background-media":"","overlay-type":"","overlay-color":"","overlay-opacity":"","overlay-gradient":""}},"ast-content-background-meta":{"desktop":{"background-color":"var(--ast-global-color-4)","background-image":"","background-repeat":"repeat","background-position":"center center","background-size":"auto","background-attachment":"scroll","background-type":"","background-media":"","overlay-type":"","overlay-color":"","overlay-opacity":"","overlay-gradient":""},"tablet":{"background-color":"var(--ast-global-color-4)","background-image":"","background-repeat":"repeat","background-position":"center center","background-size":"auto","background-attachment":"scroll","background-type":"","background-media":"","overlay-type":"","overlay-color":"","overlay-opacity":"","overlay-gradient":""},"mobile":{"background-color":"var(--ast-global-color-4)","background-image":"","background-repeat":"repeat","background-position":"center center","background-size":"auto","background-attachment":"scroll","background-type":"","background-media":"","overlay-type":"","overlay-color":"","overlay-opacity":"","overlay-gradient":""}},"footnotes":""},"class_list":["post-319","page","type-page","status-publish","hentry"],"yoast_head":"<!-- This site is optimized with the Yoast SEO plugin v27.6 - https:\/\/yoast.com\/product\/yoast-seo-wordpress\/ -->\n<title>How to Create a Visual Explanation of the Water Cycle for 6th Grade in Didaktos - DIDAKTOS AI<\/title>\n<meta name=\"robots\" content=\"index, follow, max-snippet:-1, max-image-preview:large, max-video-preview:-1\" \/>\n<link rel=\"canonical\" href=\"https:\/\/didaktos.io\/es\/como-crear-una-explicacion-visual-del-ciclo-del-agua-para-sexto-grado-en-didaktos\/\" \/>\n<meta property=\"og:locale\" content=\"es_ES\" \/>\n<meta property=\"og:type\" content=\"article\" \/>\n<meta property=\"og:title\" content=\"How to Create a Visual Explanation of the Water Cycle for 6th Grade in Didaktos - DIDAKTOS AI\" \/>\n<meta property=\"og:description\" content=\"Step\u2011by\u2011step tutorial Use case: \u201cI need a visual explanation of the water cycle for 6th grade.\u201d 1. Open Didaktos and [&hellip;]\" \/>\n<meta property=\"og:url\" content=\"https:\/\/didaktos.io\/es\/como-crear-una-explicacion-visual-del-ciclo-del-agua-para-sexto-grado-en-didaktos\/\" \/>\n<meta property=\"og:site_name\" content=\"DIDAKTOS AI\" \/>\n<meta property=\"article:modified_time\" content=\"2026-02-01T17:45:45+00:00\" \/>\n<meta property=\"og:image\" content=\"http:\/\/didaktos.io\/wp-content\/uploads\/2026\/02\/Explanation-of-the-Water-Cycle-for-6th-Grade-.png\" \/>\n<meta name=\"twitter:card\" content=\"summary_large_image\" \/>\n<meta name=\"twitter:label1\" content=\"Tiempo de lectura\" \/>\n\t<meta name=\"twitter:data1\" content=\"2 minutos\" \/>\n<script type=\"application\/ld+json\" class=\"yoast-schema-graph\">{\"@context\":\"https:\\\/\\\/schema.org\",\"@graph\":[{\"@type\":\"WebPage\",\"@id\":\"https:\\\/\\\/didaktos.io\\\/how-to-create-a-visual-explanation-of-the-water-cycle-for-6th-grade-in-didaktos\\\/\",\"url\":\"https:\\\/\\\/didaktos.io\\\/how-to-create-a-visual-explanation-of-the-water-cycle-for-6th-grade-in-didaktos\\\/\",\"name\":\"How to Create a Visual Explanation of the Water Cycle for 6th Grade in Didaktos - DIDAKTOS AI\",\"isPartOf\":{\"@id\":\"https:\\\/\\\/didaktos.io\\\/#website\"},\"primaryImageOfPage\":{\"@id\":\"https:\\\/\\\/didaktos.io\\\/how-to-create-a-visual-explanation-of-the-water-cycle-for-6th-grade-in-didaktos\\\/#primaryimage\"},\"image\":{\"@id\":\"https:\\\/\\\/didaktos.io\\\/how-to-create-a-visual-explanation-of-the-water-cycle-for-6th-grade-in-didaktos\\\/#primaryimage\"},\"thumbnailUrl\":\"http:\\\/\\\/didaktos.io\\\/wp-content\\\/uploads\\\/2026\\\/02\\\/Explanation-of-the-Water-Cycle-for-6th-Grade-.png\",\"datePublished\":\"2026-02-01T17:45:43+00:00\",\"dateModified\":\"2026-02-01T17:45:45+00:00\",\"breadcrumb\":{\"@id\":\"https:\\\/\\\/didaktos.io\\\/how-to-create-a-visual-explanation-of-the-water-cycle-for-6th-grade-in-didaktos\\\/#breadcrumb\"},\"inLanguage\":\"es\",\"potentialAction\":[{\"@type\":\"ReadAction\",\"target\":[\"https:\\\/\\\/didaktos.io\\\/how-to-create-a-visual-explanation-of-the-water-cycle-for-6th-grade-in-didaktos\\\/\"]}]},{\"@type\":\"ImageObject\",\"inLanguage\":\"es\",\"@id\":\"https:\\\/\\\/didaktos.io\\\/how-to-create-a-visual-explanation-of-the-water-cycle-for-6th-grade-in-didaktos\\\/#primaryimage\",\"url\":\"http:\\\/\\\/didaktos.io\\\/wp-content\\\/uploads\\\/2026\\\/02\\\/Explanation-of-the-Water-Cycle-for-6th-Grade-.png\",\"contentUrl\":\"http:\\\/\\\/didaktos.io\\\/wp-content\\\/uploads\\\/2026\\\/02\\\/Explanation-of-the-Water-Cycle-for-6th-Grade-.png\"},{\"@type\":\"BreadcrumbList\",\"@id\":\"https:\\\/\\\/didaktos.io\\\/how-to-create-a-visual-explanation-of-the-water-cycle-for-6th-grade-in-didaktos\\\/#breadcrumb\",\"itemListElement\":[{\"@type\":\"ListItem\",\"position\":1,\"name\":\"Home\",\"item\":\"https:\\\/\\\/didaktos.io\\\/\"},{\"@type\":\"ListItem\",\"position\":2,\"name\":\"How to Create a Visual Explanation of the Water Cycle for 6th Grade in Didaktos\"}]},{\"@type\":\"WebSite\",\"@id\":\"https:\\\/\\\/didaktos.io\\\/#website\",\"url\":\"https:\\\/\\\/didaktos.io\\\/\",\"name\":\"DIDAKTOS AI\",\"description\":\"\",\"potentialAction\":[{\"@type\":\"SearchAction\",\"target\":{\"@type\":\"EntryPoint\",\"urlTemplate\":\"https:\\\/\\\/didaktos.io\\\/?s={search_term_string}\"},\"query-input\":{\"@type\":\"PropertyValueSpecification\",\"valueRequired\":true,\"valueName\":\"search_term_string\"}}],\"inLanguage\":\"es\"}]}<\/script>\n<!-- \/ Yoast SEO plugin. -->","yoast_head_json":{"title":"C\u00f3mo crear una explicaci\u00f3n visual del ciclo del agua para sexto grado en Didaktos - DIDAKTOS AI","robots":{"index":"index","follow":"follow","max-snippet":"max-snippet:-1","max-image-preview":"max-image-preview:large","max-video-preview":"max-video-preview:-1"},"canonical":"https:\/\/didaktos.io\/es\/como-crear-una-explicacion-visual-del-ciclo-del-agua-para-sexto-grado-en-didaktos\/","og_locale":"es_ES","og_type":"article","og_title":"How to Create a Visual Explanation of the Water Cycle for 6th Grade in Didaktos - DIDAKTOS AI","og_description":"Step\u2011by\u2011step tutorial Use case: \u201cI need a visual explanation of the water cycle for 6th grade.\u201d 1. Open Didaktos and [&hellip;]","og_url":"https:\/\/didaktos.io\/es\/como-crear-una-explicacion-visual-del-ciclo-del-agua-para-sexto-grado-en-didaktos\/","og_site_name":"DIDAKTOS AI","article_modified_time":"2026-02-01T17:45:45+00:00","og_image":[{"url":"http:\/\/didaktos.io\/wp-content\/uploads\/2026\/02\/Explanation-of-the-Water-Cycle-for-6th-Grade-.png","type":"","width":"","height":""}],"twitter_card":"summary_large_image","twitter_misc":{"Tiempo de lectura":"2 minutos"},"schema":{"@context":"https:\/\/schema.org","@graph":[{"@type":"WebPage","@id":"https:\/\/didaktos.io\/how-to-create-a-visual-explanation-of-the-water-cycle-for-6th-grade-in-didaktos\/","url":"https:\/\/didaktos.io\/how-to-create-a-visual-explanation-of-the-water-cycle-for-6th-grade-in-didaktos\/","name":"C\u00f3mo crear una explicaci\u00f3n visual del ciclo del agua para sexto grado en Didaktos - DIDAKTOS AI","isPartOf":{"@id":"https:\/\/didaktos.io\/#website"},"primaryImageOfPage":{"@id":"https:\/\/didaktos.io\/how-to-create-a-visual-explanation-of-the-water-cycle-for-6th-grade-in-didaktos\/#primaryimage"},"image":{"@id":"https:\/\/didaktos.io\/how-to-create-a-visual-explanation-of-the-water-cycle-for-6th-grade-in-didaktos\/#primaryimage"},"thumbnailUrl":"http:\/\/didaktos.io\/wp-content\/uploads\/2026\/02\/Explanation-of-the-Water-Cycle-for-6th-Grade-.png","datePublished":"2026-02-01T17:45:43+00:00","dateModified":"2026-02-01T17:45:45+00:00","breadcrumb":{"@id":"https:\/\/didaktos.io\/how-to-create-a-visual-explanation-of-the-water-cycle-for-6th-grade-in-didaktos\/#breadcrumb"},"inLanguage":"es","potentialAction":[{"@type":"ReadAction","target":["https:\/\/didaktos.io\/how-to-create-a-visual-explanation-of-the-water-cycle-for-6th-grade-in-didaktos\/"]}]},{"@type":"ImageObject","inLanguage":"es","@id":"https:\/\/didaktos.io\/how-to-create-a-visual-explanation-of-the-water-cycle-for-6th-grade-in-didaktos\/#primaryimage","url":"http:\/\/didaktos.io\/wp-content\/uploads\/2026\/02\/Explanation-of-the-Water-Cycle-for-6th-Grade-.png","contentUrl":"http:\/\/didaktos.io\/wp-content\/uploads\/2026\/02\/Explanation-of-the-Water-Cycle-for-6th-Grade-.png"},{"@type":"BreadcrumbList","@id":"https:\/\/didaktos.io\/how-to-create-a-visual-explanation-of-the-water-cycle-for-6th-grade-in-didaktos\/#breadcrumb","itemListElement":[{"@type":"ListItem","position":1,"name":"Home","item":"https:\/\/didaktos.io\/"},{"@type":"ListItem","position":2,"name":"How to Create a Visual Explanation of the Water Cycle for 6th Grade in Didaktos"}]},{"@type":"WebSite","@id":"https:\/\/didaktos.io\/#website","url":"https:\/\/didaktos.io\/","name":"DIDAKTOS AI","description":"","potentialAction":[{"@type":"SearchAction","target":{"@type":"EntryPoint","urlTemplate":"https:\/\/didaktos.io\/?s={search_term_string}"},"query-input":{"@type":"PropertyValueSpecification","valueRequired":true,"valueName":"search_term_string"}}],"inLanguage":"es"}]}},"_hostinger_reach_plugin_has_subscription_block":false,"_hostinger_reach_plugin_is_elementor":false,"_links":{"self":[{"href":"https:\/\/didaktos.io\/es\/wp-json\/wp\/v2\/pages\/319","targetHints":{"allow":["GET"]}}],"collection":[{"href":"https:\/\/didaktos.io\/es\/wp-json\/wp\/v2\/pages"}],"about":[{"href":"https:\/\/didaktos.io\/es\/wp-json\/wp\/v2\/types\/page"}],"author":[{"embeddable":true,"href":"https:\/\/didaktos.io\/es\/wp-json\/wp\/v2\/users\/1"}],"replies":[{"embeddable":true,"href":"https:\/\/didaktos.io\/es\/wp-json\/wp\/v2\/comments?post=319"}],"version-history":[{"count":3,"href":"https:\/\/didaktos.io\/es\/wp-json\/wp\/v2\/pages\/319\/revisions"}],"predecessor-version":[{"id":323,"href":"https:\/\/didaktos.io\/es\/wp-json\/wp\/v2\/pages\/319\/revisions\/323"}],"wp:attachment":[{"href":"https:\/\/didaktos.io\/es\/wp-json\/wp\/v2\/media?parent=319"}],"curies":[{"name":"wp","href":"https:\/\/api.w.org\/{rel}","templated":true}]}}