{"id":333,"date":"2026-02-01T18:17:35","date_gmt":"2026-02-01T18:17:35","guid":{"rendered":"https:\/\/didaktos.io\/?page_id=333"},"modified":"2026-02-01T18:17:37","modified_gmt":"2026-02-01T18:17:37","slug":"aqui-tienes-algunas-preguntas-de-discusion-para-el-capitulo-2-de-una-novelasobre-la-trama-y-el-desarrollo-de-la-historia1-que-evento-o-revelacion-clave-ocurre-en-este-capitulo-que-ca","status":"publish","type":"page","link":"https:\/\/didaktos.io\/es\/generate-discussion-questions-for-a-novel-chapter-2\/","title":{"rendered":"Generar preguntas para la discusi\u00f3n de un cap\u00edtulo de novela"},"content":{"rendered":"<!-- Didaktos \u2013 Step-by-step tutorial block for Gutenberg (Humanities \u2013 Discussion Questions) -->\n<div class=\"didaktos-tutorial\">\n\n  <h2>Tutorial paso a paso<\/h2>\n  <p><strong>Caso de uso:<\/strong> \u201cNecesito preguntas de debate para un cap\u00edtulo de una novela\u201d.\u201d<\/p>\n\n  <h3>1. Abre Didaktos y ve a Planificaci\u00f3n<\/h3>\n  <ol>\n    <li><strong>Iniciar sesi\u00f3n<\/strong> A Didaktos.<\/li>\n    <li>Desde el men\u00fa principal, haz clic en <strong>\u201cPlanificaci\u00f3n\u201d<\/strong>.<\/li>\n    <li>En la pantalla de Planificaci\u00f3n, selecciona <strong>\u201cPlan Semanal\u201d<\/strong>.<\/li>\n  <\/ol>\n\n  <h3>2. Establecer plan de estudios, grado y materia<\/h3>\n  <ol>\n    <li>\n      <strong>Men\u00fa desplegable del curr\u00edculum<\/strong><br>\n      Haga clic en el primer <strong>\u201cEscribe...\u201d<\/strong> campo y elegir\n      <strong>\u201cELA \u2013 Literatura y An\u00e1lisis Textual (Secundaria\/Bachillerato)\u201d<\/strong>.\n    <\/li>\n    <li>\n      <strong>Men\u00fa desplegable de calificaci\u00f3n:<\/strong><br>\n      Elegir <strong>\u201cOctavo grado\u201d<\/strong> (o el nivel de grado apropiado para la novela).\n    <\/li>\n    <li>\n      <strong>Asunto lista desplegable:<\/strong><br>\n      Seleccione <strong>\u201cHumanidades \/ Artes del Lenguaje Ingl\u00e9s.<\/strong>\n    <\/li>\n    <li>\n      <strong>Men\u00fa desplegable de formato:<\/strong><br>\n      Aseg\u00farate <strong>\u201cTexto plano\u201d<\/strong> se selecciona.\n    <\/li>\n  <\/ol>\n\n  <h3>3. Escriba el tema \/ las instrucciones<\/h3>\n  <ol>\n    <li>\n      Haga clic dentro del <strong>\u201cTema \/ Instrucciones\u201d<\/strong> caja de texto.\n    <\/li>\n    <li>\n      Escribe lo siguiente (o algo muy similar):\n      <blockquote>\n        Here are some discussion questions for a chapter of a novel, focusing on interpretation, character motivation, theme development, author\u2019s craft, and contextual connections:\n\n**Interpretation and Understanding:**\n\n1.  What do.\n      <\/blockquote>\n    <\/li>\n    <li>\n      Opcionalmente, agregue restricciones como:\n      <ul>\n        <li>\u201cIncluye al menos dos preguntas que dependan del texto.\u201d<\/li>\n        <li>\u201cA\u00f1ade una pregunta que relacione el cap\u00edtulo con el contexto hist\u00f3rico\u201d.\u201d<\/li>\n        <li>\u201cEvita el vocabulario avanzado.\u201d<\/li>\n      <\/ul>\n    <\/li>\n  <\/ol>\n\n  <h3>4. (Opcional) Adjuntar archivos de apoyo<\/h3>\n  <ol>\n    <li>Haz clic <strong>\u201cAdjuntar\u201d<\/strong> bot\u00f3n.<\/li>\n    <li>Selecciona un archivo de tu ordenador (extracto del cap\u00edtulo, notas del profesor, gu\u00eda de lectura).<\/li>\n    <li>Confirme la carga para que el archivo quede vinculado a esta solicitud de planificaci\u00f3n.<\/li>\n  <\/ol>\n\n  <h3>5. Elegir idioma<\/h3>\n  <ol>\n    <li>En la esquina superior derecha, haz clic <strong>\u201cIngl\u00e9s\u201d<\/strong> As\u00ed que las preguntas de discusi\u00f3n se generan en ingl\u00e9s.<\/li>\n    <li>Si m\u00e1s tarde quieres una versi\u00f3n en espa\u00f1ol, cambia a <strong>\u201cEspa\u00f1ol\u201d<\/strong> y volver a generar o solicitar una traducci\u00f3n.<\/li>\n  <\/ol>\n\n  <h3>6. Generar las<\/h3>\n  <ol>\n    <li>Revisar todos los campos:\n      <ul>\n        <li><strong>Plan de estudios:<\/strong> ELA \u2013 Literatura y An\u00e1lisis Textual<\/li>\n        <li><strong>Calificaci\u00f3n:<\/strong> Octavo Grado<\/li>\n        <li><strong>Asunto:<\/strong> Humanidades \/ Literatura en Ingl\u00e9s<\/li>\n        <li><strong>Formato:<\/strong> Texto sin formato<\/li>\n        <li><strong>Tema \/ Instrucciones:<\/strong> Tu detallada solicitud de preguntas para el debate<\/li>\n      <\/ul>\n    <\/li>\n    <li>Haz clic <strong>\u201cGenerar Recurso\u201d<\/strong> bot\u00f3n.<\/li>\n    <li>Espera unos segundos mientras Didaktos crea las preguntas de discusi\u00f3n.<\/li>\n  <\/ol>\n\n  <h3>7. Revisar y refinar el resultado<\/h3>\n  <ol>\n    <li>\n      Lee las preguntas generadas y verifica que:\n      <ul>\n        <li>Animo <strong>interpretaci\u00f3n y pensamiento cr\u00edtico<\/strong>.<\/li>\n        <li>Direcci\u00f3n <strong>motivaci\u00f3n del personaje, tema y arte del autor<\/strong>.<\/li>\n        <li>Incluir <strong>indicaciones dependientes del texto<\/strong>.<\/li>\n        <li>Son apropiados para <strong>Estudiantes de octavo grado de Humanidades<\/strong>.<\/li>\n      <\/ul>\n    <\/li>\n    <li>\n      Si es necesario, refine con indicaciones de seguimiento, por ejemplo:\n      <ul>\n        <li>\u201cA\u00f1ade m\u00e1s preguntas abiertas.\u201d<\/li>\n        <li>\u201cIncluye una pregunta sobre el simbolismo.\u201d<\/li>\n        <li>\u201cA\u00f1adir una actividad de extensi\u00f3n de escritura.\u201d<\/li>\n      <\/ul>\n    <\/li>\n  <\/ol>\n\n  <h3>8. Guardar, exportar o reutilizar<\/h3>\n  <ol>\n    <li>Guarda las preguntas de discusi\u00f3n dentro de Didaktos (por ejemplo, \u201cGuardar\u201d o \u201cA\u00f1adir a la biblioteca\u201d).<\/li>\n    <li>Exportar en PDF, Word o copiarlos en tu LMS o gu\u00eda de discusi\u00f3n.<\/li>\n    <li>Etiqu\u00e9talos como <strong>\u201cEstudio de Novela \u2013 Preguntas de Discusi\u00f3n \u2013 Humanidades\u201d<\/strong> para uso futuro.<\/li>\n  <\/ol>\n\n<\/div>\n\n\n\n<figure class=\"wp-block-image size-large\"><img decoding=\"async\" src=\"http:\/\/didaktos.io\/wp-content\/uploads\/2026\/02\/Generate-Discussion-Questions-for-a-Novel-Chapter.png\" alt=\"\"\/><\/figure>","protected":false},"excerpt":{"rendered":"<p>Step\u2011by\u2011step tutorial Use case: \u201cI need discussion questions for a chapter of a novel.\u201d 1. Open Didaktos and go to [&hellip;]<\/p>\n","protected":false},"author":1,"featured_media":0,"parent":0,"menu_order":0,"comment_status":"closed","ping_status":"closed","template":"","meta":{"site-sidebar-layout":"default","site-content-layout":"","ast-site-content-layout":"default","site-content-style":"default","site-sidebar-style":"default","ast-global-header-display":"","ast-banner-title-visibility":"","ast-main-header-display":"","ast-hfb-above-header-display":"","ast-hfb-below-header-display":"","ast-hfb-mobile-header-display":"","site-post-title":"","ast-breadcrumbs-content":"","ast-featured-img":"","footer-sml-layout":"","ast-disable-related-posts":"","theme-transparent-header-meta":"","adv-header-id-meta":"","stick-header-meta":"","header-above-stick-meta":"","header-main-stick-meta":"","header-below-stick-meta":"","astra-migrate-meta-layouts":"default","ast-page-background-enabled":"default","ast-page-background-meta":{"desktop":{"background-color":"var(--ast-global-color-5)","background-image":"","background-repeat":"repeat","background-position":"center center","background-size":"auto","background-attachment":"scroll","background-type":"","background-media":"","overlay-type":"","overlay-color":"","overlay-opacity":"","overlay-gradient":""},"tablet":{"background-color":"","background-image":"","background-repeat":"repeat","background-position":"center center","background-size":"auto","background-attachment":"scroll","background-type":"","background-media":"","overlay-type":"","overlay-color":"","overlay-opacity":"","overlay-gradient":""},"mobile":{"background-color":"","background-image":"","background-repeat":"repeat","background-position":"center center","background-size":"auto","background-attachment":"scroll","background-type":"","background-media":"","overlay-type":"","overlay-color":"","overlay-opacity":"","overlay-gradient":""}},"ast-content-background-meta":{"desktop":{"background-color":"var(--ast-global-color-4)","background-image":"","background-repeat":"repeat","background-position":"center center","background-size":"auto","background-attachment":"scroll","background-type":"","background-media":"","overlay-type":"","overlay-color":"","overlay-opacity":"","overlay-gradient":""},"tablet":{"background-color":"var(--ast-global-color-4)","background-image":"","background-repeat":"repeat","background-position":"center center","background-size":"auto","background-attachment":"scroll","background-type":"","background-media":"","overlay-type":"","overlay-color":"","overlay-opacity":"","overlay-gradient":""},"mobile":{"background-color":"var(--ast-global-color-4)","background-image":"","background-repeat":"repeat","background-position":"center center","background-size":"auto","background-attachment":"scroll","background-type":"","background-media":"","overlay-type":"","overlay-color":"","overlay-opacity":"","overlay-gradient":""}},"footnotes":""},"class_list":["post-333","page","type-page","status-publish","hentry"],"yoast_head":"<!-- This site is optimized with the Yoast SEO plugin v27.5 - https:\/\/yoast.com\/product\/yoast-seo-wordpress\/ -->\n<title>Generate Discussion Questions for a Novel Chapter - DIDAKTOS AI<\/title>\n<meta name=\"robots\" content=\"index, follow, max-snippet:-1, max-image-preview:large, max-video-preview:-1\" \/>\n<link rel=\"canonical\" href=\"https:\/\/didaktos.io\/es\/aqui-tienes-algunas-preguntas-de-discusion-para-el-capitulo-2-de-una-novelasobre-la-trama-y-el-desarrollo-de-la-historia1-que-evento-o-revelacion-clave-ocurre-en-este-capitulo-que-ca\/\" \/>\n<meta property=\"og:locale\" content=\"es_ES\" \/>\n<meta property=\"og:type\" content=\"article\" \/>\n<meta property=\"og:title\" content=\"Generate Discussion Questions for a Novel Chapter - DIDAKTOS AI\" \/>\n<meta property=\"og:description\" content=\"Step\u2011by\u2011step tutorial Use case: \u201cI need discussion questions for a chapter of a novel.\u201d 1. Open Didaktos and go to [&hellip;]\" \/>\n<meta property=\"og:url\" content=\"https:\/\/didaktos.io\/es\/aqui-tienes-algunas-preguntas-de-discusion-para-el-capitulo-2-de-una-novelasobre-la-trama-y-el-desarrollo-de-la-historia1-que-evento-o-revelacion-clave-ocurre-en-este-capitulo-que-ca\/\" \/>\n<meta property=\"og:site_name\" content=\"DIDAKTOS AI\" \/>\n<meta property=\"article:modified_time\" content=\"2026-02-01T18:17:37+00:00\" \/>\n<meta property=\"og:image\" content=\"http:\/\/didaktos.io\/wp-content\/uploads\/2026\/02\/Generate-Discussion-Questions-for-a-Novel-Chapter.png\" \/>\n<meta name=\"twitter:card\" content=\"summary_large_image\" \/>\n<meta name=\"twitter:label1\" content=\"Tiempo de lectura\" \/>\n\t<meta name=\"twitter:data1\" content=\"2 minutos\" \/>\n<script type=\"application\/ld+json\" class=\"yoast-schema-graph\">{\"@context\":\"https:\\\/\\\/schema.org\",\"@graph\":[{\"@type\":\"WebPage\",\"@id\":\"https:\\\/\\\/didaktos.io\\\/generate-discussion-questions-for-a-novel-chapter-2\\\/\",\"url\":\"https:\\\/\\\/didaktos.io\\\/generate-discussion-questions-for-a-novel-chapter-2\\\/\",\"name\":\"Generate Discussion Questions for a Novel Chapter - DIDAKTOS AI\",\"isPartOf\":{\"@id\":\"https:\\\/\\\/didaktos.io\\\/#website\"},\"primaryImageOfPage\":{\"@id\":\"https:\\\/\\\/didaktos.io\\\/generate-discussion-questions-for-a-novel-chapter-2\\\/#primaryimage\"},\"image\":{\"@id\":\"https:\\\/\\\/didaktos.io\\\/generate-discussion-questions-for-a-novel-chapter-2\\\/#primaryimage\"},\"thumbnailUrl\":\"http:\\\/\\\/didaktos.io\\\/wp-content\\\/uploads\\\/2026\\\/02\\\/Generate-Discussion-Questions-for-a-Novel-Chapter.png\",\"datePublished\":\"2026-02-01T18:17:35+00:00\",\"dateModified\":\"2026-02-01T18:17:37+00:00\",\"breadcrumb\":{\"@id\":\"https:\\\/\\\/didaktos.io\\\/generate-discussion-questions-for-a-novel-chapter-2\\\/#breadcrumb\"},\"inLanguage\":\"es\",\"potentialAction\":[{\"@type\":\"ReadAction\",\"target\":[\"https:\\\/\\\/didaktos.io\\\/generate-discussion-questions-for-a-novel-chapter-2\\\/\"]}]},{\"@type\":\"ImageObject\",\"inLanguage\":\"es\",\"@id\":\"https:\\\/\\\/didaktos.io\\\/generate-discussion-questions-for-a-novel-chapter-2\\\/#primaryimage\",\"url\":\"http:\\\/\\\/didaktos.io\\\/wp-content\\\/uploads\\\/2026\\\/02\\\/Generate-Discussion-Questions-for-a-Novel-Chapter.png\",\"contentUrl\":\"http:\\\/\\\/didaktos.io\\\/wp-content\\\/uploads\\\/2026\\\/02\\\/Generate-Discussion-Questions-for-a-Novel-Chapter.png\"},{\"@type\":\"BreadcrumbList\",\"@id\":\"https:\\\/\\\/didaktos.io\\\/generate-discussion-questions-for-a-novel-chapter-2\\\/#breadcrumb\",\"itemListElement\":[{\"@type\":\"ListItem\",\"position\":1,\"name\":\"Home\",\"item\":\"https:\\\/\\\/didaktos.io\\\/\"},{\"@type\":\"ListItem\",\"position\":2,\"name\":\"Generate Discussion Questions for a Novel Chapter\"}]},{\"@type\":\"WebSite\",\"@id\":\"https:\\\/\\\/didaktos.io\\\/#website\",\"url\":\"https:\\\/\\\/didaktos.io\\\/\",\"name\":\"DIDAKTOS AI\",\"description\":\"\",\"potentialAction\":[{\"@type\":\"SearchAction\",\"target\":{\"@type\":\"EntryPoint\",\"urlTemplate\":\"https:\\\/\\\/didaktos.io\\\/?s={search_term_string}\"},\"query-input\":{\"@type\":\"PropertyValueSpecification\",\"valueRequired\":true,\"valueName\":\"search_term_string\"}}],\"inLanguage\":\"es\"}]}<\/script>\n<!-- \/ Yoast SEO plugin. -->","yoast_head_json":{"title":"Preguntas para discutir sobre un cap\u00edtulo de novela - DIDAKTOS AI","robots":{"index":"index","follow":"follow","max-snippet":"max-snippet:-1","max-image-preview":"max-image-preview:large","max-video-preview":"max-video-preview:-1"},"canonical":"https:\/\/didaktos.io\/es\/aqui-tienes-algunas-preguntas-de-discusion-para-el-capitulo-2-de-una-novelasobre-la-trama-y-el-desarrollo-de-la-historia1-que-evento-o-revelacion-clave-ocurre-en-este-capitulo-que-ca\/","og_locale":"es_ES","og_type":"article","og_title":"Generate Discussion Questions for a Novel Chapter - DIDAKTOS AI","og_description":"Step\u2011by\u2011step tutorial Use case: \u201cI need discussion questions for a chapter of a novel.\u201d 1. Open Didaktos and go to [&hellip;]","og_url":"https:\/\/didaktos.io\/es\/aqui-tienes-algunas-preguntas-de-discusion-para-el-capitulo-2-de-una-novelasobre-la-trama-y-el-desarrollo-de-la-historia1-que-evento-o-revelacion-clave-ocurre-en-este-capitulo-que-ca\/","og_site_name":"DIDAKTOS AI","article_modified_time":"2026-02-01T18:17:37+00:00","og_image":[{"url":"http:\/\/didaktos.io\/wp-content\/uploads\/2026\/02\/Generate-Discussion-Questions-for-a-Novel-Chapter.png","type":"","width":"","height":""}],"twitter_card":"summary_large_image","twitter_misc":{"Tiempo de lectura":"2 minutos"},"schema":{"@context":"https:\/\/schema.org","@graph":[{"@type":"WebPage","@id":"https:\/\/didaktos.io\/generate-discussion-questions-for-a-novel-chapter-2\/","url":"https:\/\/didaktos.io\/generate-discussion-questions-for-a-novel-chapter-2\/","name":"Preguntas para discutir sobre un cap\u00edtulo de novela - DIDAKTOS AI","isPartOf":{"@id":"https:\/\/didaktos.io\/#website"},"primaryImageOfPage":{"@id":"https:\/\/didaktos.io\/generate-discussion-questions-for-a-novel-chapter-2\/#primaryimage"},"image":{"@id":"https:\/\/didaktos.io\/generate-discussion-questions-for-a-novel-chapter-2\/#primaryimage"},"thumbnailUrl":"http:\/\/didaktos.io\/wp-content\/uploads\/2026\/02\/Generate-Discussion-Questions-for-a-Novel-Chapter.png","datePublished":"2026-02-01T18:17:35+00:00","dateModified":"2026-02-01T18:17:37+00:00","breadcrumb":{"@id":"https:\/\/didaktos.io\/generate-discussion-questions-for-a-novel-chapter-2\/#breadcrumb"},"inLanguage":"es","potentialAction":[{"@type":"ReadAction","target":["https:\/\/didaktos.io\/generate-discussion-questions-for-a-novel-chapter-2\/"]}]},{"@type":"ImageObject","inLanguage":"es","@id":"https:\/\/didaktos.io\/generate-discussion-questions-for-a-novel-chapter-2\/#primaryimage","url":"http:\/\/didaktos.io\/wp-content\/uploads\/2026\/02\/Generate-Discussion-Questions-for-a-Novel-Chapter.png","contentUrl":"http:\/\/didaktos.io\/wp-content\/uploads\/2026\/02\/Generate-Discussion-Questions-for-a-Novel-Chapter.png"},{"@type":"BreadcrumbList","@id":"https:\/\/didaktos.io\/generate-discussion-questions-for-a-novel-chapter-2\/#breadcrumb","itemListElement":[{"@type":"ListItem","position":1,"name":"Home","item":"https:\/\/didaktos.io\/"},{"@type":"ListItem","position":2,"name":"Generate Discussion Questions for a Novel Chapter"}]},{"@type":"WebSite","@id":"https:\/\/didaktos.io\/#website","url":"https:\/\/didaktos.io\/","name":"DIDAKTOS AI","description":"","potentialAction":[{"@type":"SearchAction","target":{"@type":"EntryPoint","urlTemplate":"https:\/\/didaktos.io\/?s={search_term_string}"},"query-input":{"@type":"PropertyValueSpecification","valueRequired":true,"valueName":"search_term_string"}}],"inLanguage":"es"}]}},"_hostinger_reach_plugin_has_subscription_block":false,"_hostinger_reach_plugin_is_elementor":false,"_links":{"self":[{"href":"https:\/\/didaktos.io\/es\/wp-json\/wp\/v2\/pages\/333","targetHints":{"allow":["GET"]}}],"collection":[{"href":"https:\/\/didaktos.io\/es\/wp-json\/wp\/v2\/pages"}],"about":[{"href":"https:\/\/didaktos.io\/es\/wp-json\/wp\/v2\/types\/page"}],"author":[{"embeddable":true,"href":"https:\/\/didaktos.io\/es\/wp-json\/wp\/v2\/users\/1"}],"replies":[{"embeddable":true,"href":"https:\/\/didaktos.io\/es\/wp-json\/wp\/v2\/comments?post=333"}],"version-history":[{"count":3,"href":"https:\/\/didaktos.io\/es\/wp-json\/wp\/v2\/pages\/333\/revisions"}],"predecessor-version":[{"id":338,"href":"https:\/\/didaktos.io\/es\/wp-json\/wp\/v2\/pages\/333\/revisions\/338"}],"wp:attachment":[{"href":"https:\/\/didaktos.io\/es\/wp-json\/wp\/v2\/media?parent=333"}],"curies":[{"name":"wp","href":"https:\/\/api.w.org\/{rel}","templated":true}]}}