{"id":341,"date":"2026-02-01T18:30:33","date_gmt":"2026-02-01T18:30:33","guid":{"rendered":"https:\/\/didaktos.io\/?page_id=341"},"modified":"2026-02-01T18:30:35","modified_gmt":"2026-02-01T18:30:35","slug":"proyecto-de-arte-con-materiales-reciclados-para-alumnos-de-quinto-grado","status":"publish","type":"page","link":"https:\/\/didaktos.io\/es\/recycled-materials-art-project-for-5th-graders\/","title":{"rendered":"Proyecto de Arte con Materiales Reciclados para Estudiantes de Quinto Grado"},"content":{"rendered":"<!-- Didaktos \u2013 Step-by-step tutorial block for Gutenberg (Creative Arts \u2013 Daily Plan, Recycled Materials Project) -->\n<div class=\"didaktos-tutorial\">\n\n  <h2>Tutorial paso a paso<\/h2>\n  <p><strong>Caso de uso:<\/strong> \u201cNecesito un proyecto de arte creativo para alumnos de 5\u00ba curso con materiales reciclados\u201d.\u201d<\/p>\n\n  <h3>1. Abre Didaktos y ve a Planificaci\u00f3n<\/h3>\n  <ol>\n    <li><strong>Iniciar sesi\u00f3n<\/strong> A Didaktos.<\/li>\n    <li>Desde el men\u00fa principal, haz clic en <strong>\u201cPlanificaci\u00f3n\u201d<\/strong>.<\/li>\n    <li>En la pantalla de Planificaci\u00f3n, selecciona <strong>\u201cPlan diario\u201d<\/strong>\u201d.<\/li>\n  <\/ol>\n\n  <h3>2. Establecer plan de estudios, grado y materia<\/h3>\n  <ol>\n    <li>\n      <strong>Men\u00fa desplegable del curr\u00edculum<\/strong><br>\n      Haga clic en el primer <strong>\u201cEscribe...\u201d<\/strong> campo y elegir\n      <strong>\u201cEducaci\u00f3n Art\u00edstica \u2013 Expresi\u00f3n Creativa y Exploraci\u00f3n de Materiales (Primaria)\u201d<\/strong>.\n    <\/li>\n    <li>\n      <strong>Men\u00fa desplegable de calificaci\u00f3n:<\/strong><br>\n      Elegir <strong>\u201cQuinto grado.<\/strong>\n    <\/li>\n    <li>\n      <strong>Asunto lista desplegable:<\/strong><br>\n      Seleccione <strong>\u201cArtes creativas \/ Artes visuales.<\/strong>\n    <\/li>\n    <li>\n      <strong>Men\u00fa desplegable de formato:<\/strong><br>\n      Aseg\u00farate <strong>\u201cTexto plano\u201d<\/strong> se selecciona.\n    <\/li>\n  <\/ol>\n\n  <h3>3. Escriba el tema \/ las instrucciones<\/h3>\n  <ol>\n    <li>\n      Haga clic dentro del <strong>\u201cTema \/ Instrucciones\u201d<\/strong> caja de texto.\n    <\/li>\n    <li>\n      Escribe lo siguiente (o algo muy similar):\n      <blockquote>\n        Cree un proyecto art\u00edstico creativo para alumnos de 5\u00ba curso utilizando materiales reciclados. El proyecto debe fomentar la imaginaci\u00f3n, la exploraci\u00f3n pr\u00e1ctica y la conciencia medioambiental. Incluya una descripci\u00f3n clara del producto final, una lista de los materiales reciclados necesarios e instrucciones paso a paso. A\u00f1ada extensiones opcionales para quienes terminen pronto. El lenguaje debe ser accesible y adecuado para el aula.\n      <\/blockquote>\n    <\/li>\n    <li>\n      Opcionalmente, agregue restricciones como:\n      <ul>\n        <li>\u201cLimitar el proyecto a una clase de 45 minutos.\u201d<\/li>\n        <li>\u201cUtiliza solo materiales comunes en casa o en la escuela.\u201d<\/li>\n        <li>\u201cIncluye una breve indicaci\u00f3n para reflexionar sobre el reciclaje.\u201d<\/li>\n      <\/ul>\n    <\/li>\n  <\/ol>\n\n  <h3>4. (Opcional) Adjuntar archivos de apoyo<\/h3>\n  <ol>\n    <li>Haz clic <strong>\u201cAdjuntar\u201d<\/strong> bot\u00f3n.<\/li>\n    <li>Seleccione un archivo de su ordenador (fotos de ejemplos, r\u00fabrica, plan de lecci\u00f3n anterior).<\/li>\n    <li>Confirme la carga para que el archivo se vincule a esta solicitud del Plan Diario.<\/li>\n  <\/ol>\n\n  <h3>5. Elegir idioma<\/h3>\n  <ol>\n    <li>En la esquina superior derecha, haz clic <strong>\u201cIngl\u00e9s\u201d<\/strong> Entonces el proyecto se genera en ingl\u00e9s.<\/li>\n    <li>Si m\u00e1s tarde quieres una versi\u00f3n en espa\u00f1ol, cambia a <strong>\u201cEspa\u00f1ol\u201d<\/strong> y volver a generar o solicitar una traducci\u00f3n.<\/li>\n  <\/ol>\n\n  <h3>6. Genera el proyecto de arte creativo<\/h3>\n  <ol>\n    <li>Revisar todos los campos:\n      <ul>\n        <li><strong>Plan de estudios:<\/strong> Educaci\u00f3n Art\u00edstica \u2013 Expresi\u00f3n Creativa y Exploraci\u00f3n de Materiales (Primaria)<\/li>\n        <li><strong>Calificaci\u00f3n:<\/strong> Quinto grado<\/li>\n        <li><strong>Asunto:<\/strong> Artes Creativas \/ Artes Visuales<\/li>\n        <li><strong>Formato:<\/strong> Texto sin formato<\/li>\n        <li><strong>Tema \/ Instrucciones:<\/strong> Tu detallada solicitud de un proyecto de arte con materiales reciclados<\/li>\n      <\/ul>\n    <\/li>\n    <li>Haz clic <strong>\u201cGenerar Recurso\u201d<\/strong> bot\u00f3n.<\/li>\n    <li>Espere unos segundos mientras Didaktos crea la descripci\u00f3n del proyecto.<\/li>\n  <\/ol>\n\n  <h3>7. Revisar y refinar el resultado<\/h3>\n  <ol>\n    <li>\n      Lea el proyecto generado y verifique que:\n      <ul>\n        <li>Usos <strong>materiales reciclados<\/strong> como el n\u00facleo de la actividad.<\/li>\n        <li>Incluye una <strong>descripci\u00f3n clara del producto final<\/strong>.<\/li>\n        <li>Proporciona <strong>instrucciones paso a paso<\/strong>.<\/li>\n        <li>Es apropiado para <strong>Estudiantes de quinto grado<\/strong>.<\/li>\n        <li>Anima <strong>creatividad y conciencia ambiental<\/strong>.<\/li>\n      <\/ul>\n    <\/li>\n    <li>\n      Si es necesario, refine con indicaciones de seguimiento, por ejemplo:\n      <ul>\n        <li>\u201cAgrega una r\u00fabrica de evaluaci\u00f3n sencilla.\u201d<\/li>\n        <li>\u201cIncluir opciones de trabajo en grupo\u201d.\u201d<\/li>\n        <li>\u201cAdapta el proyecto para un espacio exterior.\u201d<\/li>\n      <\/ul>\n    <\/li>\n  <\/ol>\n\n  <h3>8. Guardar, exportar o reutilizar<\/h3>\n  <ol>\n    <li>Guarda el proyecto de arte dentro de Didaktos (por ejemplo, \u201cGuardar\u201d o \u201cA\u00f1adir a la biblioteca\u201d).<\/li>\n    <li>Exp\u00f3rtelo como PDF, Word o c\u00f3pielo en su LMS o en instrucciones impresas.<\/li>\n    <li>Etiquetalo como <strong>\u201cArtes Creativas \u2013 Materiales Reciclados \u2013 5.\u00ba Grado \u2013 Plan Diario\u201d<\/strong> para uso futuro.<\/li>\n  <\/ol>\n\n<\/div>\n\n\n\n<figure class=\"wp-block-image size-large\"><img decoding=\"async\" src=\"http:\/\/didaktos.io\/wp-content\/uploads\/2026\/02\/Art-Project-for-5th-Graders.png\" alt=\"\"\/><\/figure>","protected":false},"excerpt":{"rendered":"<p>Step\u2011by\u2011step tutorial Use case: \u201cI need a creative art project for 5th graders using recycled materials.\u201d 1. Open Didaktos and [&hellip;]<\/p>\n","protected":false},"author":1,"featured_media":0,"parent":0,"menu_order":0,"comment_status":"closed","ping_status":"closed","template":"","meta":{"site-sidebar-layout":"default","site-content-layout":"","ast-site-content-layout":"default","site-content-style":"default","site-sidebar-style":"default","ast-global-header-display":"","ast-banner-title-visibility":"","ast-main-header-display":"","ast-hfb-above-header-display":"","ast-hfb-below-header-display":"","ast-hfb-mobile-header-display":"","site-post-title":"","ast-breadcrumbs-content":"","ast-featured-img":"","footer-sml-layout":"","ast-disable-related-posts":"","theme-transparent-header-meta":"","adv-header-id-meta":"","stick-header-meta":"","header-above-stick-meta":"","header-main-stick-meta":"","header-below-stick-meta":"","astra-migrate-meta-layouts":"default","ast-page-background-enabled":"default","ast-page-background-meta":{"desktop":{"background-color":"var(--ast-global-color-5)","background-image":"","background-repeat":"repeat","background-position":"center center","background-size":"auto","background-attachment":"scroll","background-type":"","background-media":"","overlay-type":"","overlay-color":"","overlay-opacity":"","overlay-gradient":""},"tablet":{"background-color":"","background-image":"","background-repeat":"repeat","background-position":"center center","background-size":"auto","background-attachment":"scroll","background-type":"","background-media":"","overlay-type":"","overlay-color":"","overlay-opacity":"","overlay-gradient":""},"mobile":{"background-color":"","background-image":"","background-repeat":"repeat","background-position":"center center","background-size":"auto","background-attachment":"scroll","background-type":"","background-media":"","overlay-type":"","overlay-color":"","overlay-opacity":"","overlay-gradient":""}},"ast-content-background-meta":{"desktop":{"background-color":"var(--ast-global-color-4)","background-image":"","background-repeat":"repeat","background-position":"center center","background-size":"auto","background-attachment":"scroll","background-type":"","background-media":"","overlay-type":"","overlay-color":"","overlay-opacity":"","overlay-gradient":""},"tablet":{"background-color":"var(--ast-global-color-4)","background-image":"","background-repeat":"repeat","background-position":"center center","background-size":"auto","background-attachment":"scroll","background-type":"","background-media":"","overlay-type":"","overlay-color":"","overlay-opacity":"","overlay-gradient":""},"mobile":{"background-color":"var(--ast-global-color-4)","background-image":"","background-repeat":"repeat","background-position":"center center","background-size":"auto","background-attachment":"scroll","background-type":"","background-media":"","overlay-type":"","overlay-color":"","overlay-opacity":"","overlay-gradient":""}},"footnotes":""},"class_list":["post-341","page","type-page","status-publish","hentry"],"yoast_head":"<!-- This site is optimized with the Yoast SEO plugin v27.5 - https:\/\/yoast.com\/product\/yoast-seo-wordpress\/ -->\n<title>Recycled\u2011Materials Art Project for 5th Graders - DIDAKTOS AI<\/title>\n<meta name=\"robots\" content=\"index, follow, max-snippet:-1, max-image-preview:large, max-video-preview:-1\" \/>\n<link rel=\"canonical\" href=\"https:\/\/didaktos.io\/es\/proyecto-de-arte-con-materiales-reciclados-para-alumnos-de-quinto-grado\/\" \/>\n<meta property=\"og:locale\" content=\"es_ES\" \/>\n<meta property=\"og:type\" content=\"article\" \/>\n<meta property=\"og:title\" content=\"Recycled\u2011Materials Art Project for 5th Graders - DIDAKTOS AI\" \/>\n<meta property=\"og:description\" content=\"Step\u2011by\u2011step tutorial Use case: \u201cI need a creative art project for 5th graders using recycled materials.\u201d 1. Open Didaktos and [&hellip;]\" \/>\n<meta property=\"og:url\" content=\"https:\/\/didaktos.io\/es\/proyecto-de-arte-con-materiales-reciclados-para-alumnos-de-quinto-grado\/\" \/>\n<meta property=\"og:site_name\" content=\"DIDAKTOS AI\" \/>\n<meta property=\"article:modified_time\" content=\"2026-02-01T18:30:35+00:00\" \/>\n<meta property=\"og:image\" content=\"http:\/\/didaktos.io\/wp-content\/uploads\/2026\/02\/Art-Project-for-5th-Graders.png\" \/>\n<meta name=\"twitter:card\" content=\"summary_large_image\" \/>\n<meta name=\"twitter:label1\" content=\"Tiempo de lectura\" \/>\n\t<meta name=\"twitter:data1\" content=\"2 minutos\" \/>\n<script type=\"application\/ld+json\" class=\"yoast-schema-graph\">{\"@context\":\"https:\\\/\\\/schema.org\",\"@graph\":[{\"@type\":\"WebPage\",\"@id\":\"https:\\\/\\\/didaktos.io\\\/recycled-materials-art-project-for-5th-graders\\\/\",\"url\":\"https:\\\/\\\/didaktos.io\\\/recycled-materials-art-project-for-5th-graders\\\/\",\"name\":\"Recycled\u2011Materials Art Project for 5th Graders - DIDAKTOS AI\",\"isPartOf\":{\"@id\":\"https:\\\/\\\/didaktos.io\\\/#website\"},\"primaryImageOfPage\":{\"@id\":\"https:\\\/\\\/didaktos.io\\\/recycled-materials-art-project-for-5th-graders\\\/#primaryimage\"},\"image\":{\"@id\":\"https:\\\/\\\/didaktos.io\\\/recycled-materials-art-project-for-5th-graders\\\/#primaryimage\"},\"thumbnailUrl\":\"http:\\\/\\\/didaktos.io\\\/wp-content\\\/uploads\\\/2026\\\/02\\\/Art-Project-for-5th-Graders.png\",\"datePublished\":\"2026-02-01T18:30:33+00:00\",\"dateModified\":\"2026-02-01T18:30:35+00:00\",\"breadcrumb\":{\"@id\":\"https:\\\/\\\/didaktos.io\\\/recycled-materials-art-project-for-5th-graders\\\/#breadcrumb\"},\"inLanguage\":\"es\",\"potentialAction\":[{\"@type\":\"ReadAction\",\"target\":[\"https:\\\/\\\/didaktos.io\\\/recycled-materials-art-project-for-5th-graders\\\/\"]}]},{\"@type\":\"ImageObject\",\"inLanguage\":\"es\",\"@id\":\"https:\\\/\\\/didaktos.io\\\/recycled-materials-art-project-for-5th-graders\\\/#primaryimage\",\"url\":\"http:\\\/\\\/didaktos.io\\\/wp-content\\\/uploads\\\/2026\\\/02\\\/Art-Project-for-5th-Graders.png\",\"contentUrl\":\"http:\\\/\\\/didaktos.io\\\/wp-content\\\/uploads\\\/2026\\\/02\\\/Art-Project-for-5th-Graders.png\"},{\"@type\":\"BreadcrumbList\",\"@id\":\"https:\\\/\\\/didaktos.io\\\/recycled-materials-art-project-for-5th-graders\\\/#breadcrumb\",\"itemListElement\":[{\"@type\":\"ListItem\",\"position\":1,\"name\":\"Home\",\"item\":\"https:\\\/\\\/didaktos.io\\\/\"},{\"@type\":\"ListItem\",\"position\":2,\"name\":\"Recycled\u2011Materials Art Project for 5th Graders\"}]},{\"@type\":\"WebSite\",\"@id\":\"https:\\\/\\\/didaktos.io\\\/#website\",\"url\":\"https:\\\/\\\/didaktos.io\\\/\",\"name\":\"DIDAKTOS AI\",\"description\":\"\",\"potentialAction\":[{\"@type\":\"SearchAction\",\"target\":{\"@type\":\"EntryPoint\",\"urlTemplate\":\"https:\\\/\\\/didaktos.io\\\/?s={search_term_string}\"},\"query-input\":{\"@type\":\"PropertyValueSpecification\",\"valueRequired\":true,\"valueName\":\"search_term_string\"}}],\"inLanguage\":\"es\"}]}<\/script>\n<!-- \/ Yoast SEO plugin. -->","yoast_head_json":{"title":"Proyecto de Arte con Materiales Reciclados para Estudiantes de 5to Grado - DIDAKTOS AI","robots":{"index":"index","follow":"follow","max-snippet":"max-snippet:-1","max-image-preview":"max-image-preview:large","max-video-preview":"max-video-preview:-1"},"canonical":"https:\/\/didaktos.io\/es\/proyecto-de-arte-con-materiales-reciclados-para-alumnos-de-quinto-grado\/","og_locale":"es_ES","og_type":"article","og_title":"Recycled\u2011Materials Art Project for 5th Graders - DIDAKTOS AI","og_description":"Step\u2011by\u2011step tutorial Use case: \u201cI need a creative art project for 5th graders using recycled materials.\u201d 1. Open Didaktos and [&hellip;]","og_url":"https:\/\/didaktos.io\/es\/proyecto-de-arte-con-materiales-reciclados-para-alumnos-de-quinto-grado\/","og_site_name":"DIDAKTOS AI","article_modified_time":"2026-02-01T18:30:35+00:00","og_image":[{"url":"http:\/\/didaktos.io\/wp-content\/uploads\/2026\/02\/Art-Project-for-5th-Graders.png","type":"","width":"","height":""}],"twitter_card":"summary_large_image","twitter_misc":{"Tiempo de lectura":"2 minutos"},"schema":{"@context":"https:\/\/schema.org","@graph":[{"@type":"WebPage","@id":"https:\/\/didaktos.io\/recycled-materials-art-project-for-5th-graders\/","url":"https:\/\/didaktos.io\/recycled-materials-art-project-for-5th-graders\/","name":"Proyecto de Arte con Materiales Reciclados para Estudiantes de 5to Grado - DIDAKTOS AI","isPartOf":{"@id":"https:\/\/didaktos.io\/#website"},"primaryImageOfPage":{"@id":"https:\/\/didaktos.io\/recycled-materials-art-project-for-5th-graders\/#primaryimage"},"image":{"@id":"https:\/\/didaktos.io\/recycled-materials-art-project-for-5th-graders\/#primaryimage"},"thumbnailUrl":"http:\/\/didaktos.io\/wp-content\/uploads\/2026\/02\/Art-Project-for-5th-Graders.png","datePublished":"2026-02-01T18:30:33+00:00","dateModified":"2026-02-01T18:30:35+00:00","breadcrumb":{"@id":"https:\/\/didaktos.io\/recycled-materials-art-project-for-5th-graders\/#breadcrumb"},"inLanguage":"es","potentialAction":[{"@type":"ReadAction","target":["https:\/\/didaktos.io\/recycled-materials-art-project-for-5th-graders\/"]}]},{"@type":"ImageObject","inLanguage":"es","@id":"https:\/\/didaktos.io\/recycled-materials-art-project-for-5th-graders\/#primaryimage","url":"http:\/\/didaktos.io\/wp-content\/uploads\/2026\/02\/Art-Project-for-5th-Graders.png","contentUrl":"http:\/\/didaktos.io\/wp-content\/uploads\/2026\/02\/Art-Project-for-5th-Graders.png"},{"@type":"BreadcrumbList","@id":"https:\/\/didaktos.io\/recycled-materials-art-project-for-5th-graders\/#breadcrumb","itemListElement":[{"@type":"ListItem","position":1,"name":"Home","item":"https:\/\/didaktos.io\/"},{"@type":"ListItem","position":2,"name":"Recycled\u2011Materials Art Project for 5th Graders"}]},{"@type":"WebSite","@id":"https:\/\/didaktos.io\/#website","url":"https:\/\/didaktos.io\/","name":"DIDAKTOS AI","description":"","potentialAction":[{"@type":"SearchAction","target":{"@type":"EntryPoint","urlTemplate":"https:\/\/didaktos.io\/?s={search_term_string}"},"query-input":{"@type":"PropertyValueSpecification","valueRequired":true,"valueName":"search_term_string"}}],"inLanguage":"es"}]}},"_hostinger_reach_plugin_has_subscription_block":false,"_hostinger_reach_plugin_is_elementor":false,"_links":{"self":[{"href":"https:\/\/didaktos.io\/es\/wp-json\/wp\/v2\/pages\/341","targetHints":{"allow":["GET"]}}],"collection":[{"href":"https:\/\/didaktos.io\/es\/wp-json\/wp\/v2\/pages"}],"about":[{"href":"https:\/\/didaktos.io\/es\/wp-json\/wp\/v2\/types\/page"}],"author":[{"embeddable":true,"href":"https:\/\/didaktos.io\/es\/wp-json\/wp\/v2\/users\/1"}],"replies":[{"embeddable":true,"href":"https:\/\/didaktos.io\/es\/wp-json\/wp\/v2\/comments?post=341"}],"version-history":[{"count":2,"href":"https:\/\/didaktos.io\/es\/wp-json\/wp\/v2\/pages\/341\/revisions"}],"predecessor-version":[{"id":344,"href":"https:\/\/didaktos.io\/es\/wp-json\/wp\/v2\/pages\/341\/revisions\/344"}],"wp:attachment":[{"href":"https:\/\/didaktos.io\/es\/wp-json\/wp\/v2\/media?parent=341"}],"curies":[{"name":"wp","href":"https:\/\/api.w.org\/{rel}","templated":true}]}}