{"id":347,"date":"2026-02-01T19:02:09","date_gmt":"2026-02-01T19:02:09","guid":{"rendered":"https:\/\/didaktos.io\/?page_id=347"},"modified":"2026-02-01T19:02:10","modified_gmt":"2026-02-01T19:02:10","slug":"como-crear-un-procedimiento-de-circuito-electrico-paso-a-paso-en-didaktos","status":"publish","type":"page","link":"https:\/\/didaktos.io\/es\/how-to-create-a-step-by-step-electrical-circuit-procedure-in-didaktos\/","title":{"rendered":"C\u00f3mo crear un procedimiento de circuito el\u00e9ctrico paso a paso en Didaktos"},"content":{"rendered":"<!-- Didaktos \u2013 Step-by-step tutorial block for Gutenberg (Vocational Education \u2013 Daily Plan, Electrical Circuit Activity) -->\n<div class=\"didaktos-tutorial\">\n\n  <h2>Tutorial paso a paso<\/h2>\n  <p><strong>Caso de uso:<\/strong> \u201cNecesito un procedimiento paso a paso para una actividad b\u00e1sica de circuito el\u00e9ctrico\u201d.\u201d<\/p>\n\n  <h3>1. Abre Didaktos y ve a Planificaci\u00f3n<\/h3>\n  <ol>\n    <li><strong>Iniciar sesi\u00f3n<\/strong> A Didaktos.<\/li>\n    <li>Desde el men\u00fa principal, haz clic en <strong>\u201cPlanificaci\u00f3n\u201d<\/strong>.<\/li>\n    <li>Seleccione <strong>\u201cPlan diario\u201d<\/strong> crear una actividad vocacional pr\u00e1ctica.<\/li>\n  <\/ol>\n\n  <h3>2. Establecer plan de estudios, grado y materia<\/h3>\n  <ol>\n    \n    <li>\n      <strong>Men\u00fa desplegable de calificaci\u00f3n:<\/strong><br>\n      Seleccione <strong>\u201c9\u00ba\u201310\u00ba Grado \/ Grupo Vocacional Introductorio\u201d.<\/strong>\n    <\/li>\n    <li>\n      <strong>Asunto lista desplegable:<\/strong><br>\n      Elegir <strong>\u201cEducaci\u00f3n vocacional.<\/strong>\n    <\/li>\n    <li>\n      <strong>Men\u00fa desplegable de formato:<\/strong><br>\n      Aseg\u00farese <strong>\u201cTexto plano\u201d<\/strong> se selecciona.\n    <\/li>\n  <\/ol>\n\n  <h3>3. Escriba el tema \/ las instrucciones<\/h3>\n  <ol>\n    <li>Haga clic dentro del <strong>\u201cTema \/ Instrucciones\u201d<\/strong> caja de texto.<\/li>\n    <li>\n      Introduzca lo siguiente (o una versi\u00f3n similar):\n      <blockquote>\n        Cree un procedimiento claro, paso a paso, para una actividad de circuito el\u00e9ctrico b\u00e1sico para estudiantes principiantes. Utilice componentes sencillos (pila, cables, interruptor y bombilla). Incluya una lista de materiales, recordatorios de seguridad, pasos numerados para construir el circuito y una breve secci\u00f3n de resoluci\u00f3n de problemas o de reflexi\u00f3n. Utiliza un lenguaje sencillo y adecuado para el taller.\n      <\/blockquote>\n    <\/li>\n    <li>\n      Refinamientos opcionales:\n      <ul>\n        <li>\u201cAgrega una descripci\u00f3n del diagrama para el circuito.\u201d<\/li>\n        <li>\u201cIncluye advertencias de seguridad al principio y al final.\u201d<\/li>\n        <li>\u201cLimita la actividad a 30 minutos.\u201d<\/li>\n      <\/ul>\n    <\/li>\n  <\/ol>\n\n  <h3>4. (Opcional) Adjuntar archivos de apoyo<\/h3>\n  <ol>\n    <li>Haz clic <strong>\u201cAdjuntar\u201d<\/strong> bot\u00f3n.<\/li>\n    <li>Cargue cualquier archivo relevante (hoja de laboratorio, diagrama de cableado, lista de verificaci\u00f3n de seguridad).<\/li>\n    <li>Confirme la carga para que est\u00e9 vinculada a esta solicitud del Plan Diario.<\/li>\n  <\/ol>\n\n  <h3>5. Elegir idioma<\/h3>\n  <ol>\n    <li>Seleccione <strong>\u201cIngl\u00e9s\u201d<\/strong> en la parte superior derecha para la salida en ingl\u00e9s.<\/li>\n    <li>Cambiar a <strong>\u201cEspa\u00f1ol\u201d<\/strong> Si quieres una versi\u00f3n traducida m\u00e1s tarde.<\/li>\n  <\/ol>\n\n  <h3>6. Generar el procedimiento paso a paso<\/h3>\n  <ol>\n    <li>Revisar todos los campos:\n      <ul>\n        <li><strong>Plan de estudios:<\/strong> Educaci\u00f3n Vocacional y T\u00e9cnica \u2013 Sistemas El\u00e9ctricos B\u00e1sicos<\/li>\n        <li><strong>Calificaci\u00f3n:<\/strong> 9\u00ba\u201310\u00ba Grado<\/li>\n        <li><strong>Asunto:<\/strong> Tecnolog\u00eda El\u00e9ctrica<\/li>\n        <li><strong>Formato:<\/strong> Texto sin formato<\/li>\n        <li><strong>Tema \/ Instrucciones:<\/strong> Tu solicitud detallada para una actividad de circuito el\u00e9ctrico b\u00e1sico<\/li>\n      <\/ul>\n    <\/li>\n    <li>Haga clic en <strong>\u201cGenerar Recurso\u201d<\/strong>.<\/li>\n    <li>Espera unos segundos mientras Didaktos crea el procedimiento.<\/li>\n  <\/ol>\n\n  <h3>7. Revisar y refinar el resultado<\/h3>\n  <ol>\n    <li>\n      Verifica que la actividad generada incluya:\n      <ul>\n        <li>A <strong>lista de materiales<\/strong>.<\/li>\n        <li><strong>Recordatorios de seguridad<\/strong> apropiado para principiantes.<\/li>\n        <li><strong>Pasos numerados<\/strong> para montar el circuito.<\/li>\n        <li>A <strong>resoluci\u00f3n de problemas o reflexi\u00f3n<\/strong> secci\u00f3n.<\/li>\n      <\/ul>\n    <\/li>\n    <li>\n      Si es necesario, perfeccione con indicaciones de seguimiento:\n      <ul>\n        <li>\u201cA\u00f1adir una descripci\u00f3n de un diagrama etiquetado.\u201d<\/li>\n        <li>\u201cIncluye un breve cuestionario al final.\u201d<\/li>\n        <li>\u201cAdapta la actividad para trabajo en grupo.\u201d<\/li>\n      <\/ul>\n    <\/li>\n  <\/ol>\n\n  <h3>8. Guardar, exportar o reutilizar<\/h3>\n  <ol>\n    <li>Guarde el procedimiento dentro de Didaktos.<\/li>\n    <li>Exportar como PDF, Word, o copiarlo en tu LMS o manual del taller.<\/li>\n    <li>Etiquetalo como <strong>\u201cCircuito El\u00e9ctrico \u2013 Vocacional \u2013 Plan Diario\u201d<\/strong> para uso futuro.<\/li>\n  <\/ol>\n\n<\/div>\n\n\n\n<figure class=\"wp-block-image size-large\"><img decoding=\"async\" src=\"http:\/\/didaktos.io\/wp-content\/uploads\/2026\/02\/Step\u2011by\u2011Step-Electrical-Circuit-Procedure.png\" alt=\"\"\/><\/figure>","protected":false},"excerpt":{"rendered":"<p>Step\u2011by\u2011step tutorial Use case: \u201cI need a step\u2011by\u2011step procedure for a basic electrical circuit activity.\u201d 1. Open Didaktos and go [&hellip;]<\/p>\n","protected":false},"author":1,"featured_media":0,"parent":0,"menu_order":0,"comment_status":"closed","ping_status":"closed","template":"","meta":{"site-sidebar-layout":"default","site-content-layout":"","ast-site-content-layout":"default","site-content-style":"default","site-sidebar-style":"default","ast-global-header-display":"","ast-banner-title-visibility":"","ast-main-header-display":"","ast-hfb-above-header-display":"","ast-hfb-below-header-display":"","ast-hfb-mobile-header-display":"","site-post-title":"","ast-breadcrumbs-content":"","ast-featured-img":"","footer-sml-layout":"","ast-disable-related-posts":"","theme-transparent-header-meta":"","adv-header-id-meta":"","stick-header-meta":"","header-above-stick-meta":"","header-main-stick-meta":"","header-below-stick-meta":"","astra-migrate-meta-layouts":"default","ast-page-background-enabled":"default","ast-page-background-meta":{"desktop":{"background-color":"var(--ast-global-color-5)","background-image":"","background-repeat":"repeat","background-position":"center center","background-size":"auto","background-attachment":"scroll","background-type":"","background-media":"","overlay-type":"","overlay-color":"","overlay-opacity":"","overlay-gradient":""},"tablet":{"background-color":"","background-image":"","background-repeat":"repeat","background-position":"center center","background-size":"auto","background-attachment":"scroll","background-type":"","background-media":"","overlay-type":"","overlay-color":"","overlay-opacity":"","overlay-gradient":""},"mobile":{"background-color":"","background-image":"","background-repeat":"repeat","background-position":"center center","background-size":"auto","background-attachment":"scroll","background-type":"","background-media":"","overlay-type":"","overlay-color":"","overlay-opacity":"","overlay-gradient":""}},"ast-content-background-meta":{"desktop":{"background-color":"var(--ast-global-color-4)","background-image":"","background-repeat":"repeat","background-position":"center center","background-size":"auto","background-attachment":"scroll","background-type":"","background-media":"","overlay-type":"","overlay-color":"","overlay-opacity":"","overlay-gradient":""},"tablet":{"background-color":"var(--ast-global-color-4)","background-image":"","background-repeat":"repeat","background-position":"center center","background-size":"auto","background-attachment":"scroll","background-type":"","background-media":"","overlay-type":"","overlay-color":"","overlay-opacity":"","overlay-gradient":""},"mobile":{"background-color":"var(--ast-global-color-4)","background-image":"","background-repeat":"repeat","background-position":"center center","background-size":"auto","background-attachment":"scroll","background-type":"","background-media":"","overlay-type":"","overlay-color":"","overlay-opacity":"","overlay-gradient":""}},"footnotes":""},"class_list":["post-347","page","type-page","status-publish","hentry"],"yoast_head":"<!-- This site is optimized with the Yoast SEO plugin v27.6 - https:\/\/yoast.com\/product\/yoast-seo-wordpress\/ -->\n<title>How to Create a Step\u2011by\u2011Step Electrical Circuit Procedure in Didaktos - DIDAKTOS AI<\/title>\n<meta name=\"robots\" content=\"index, follow, max-snippet:-1, max-image-preview:large, max-video-preview:-1\" \/>\n<link rel=\"canonical\" href=\"https:\/\/didaktos.io\/es\/como-crear-un-procedimiento-de-circuito-electrico-paso-a-paso-en-didaktos\/\" \/>\n<meta property=\"og:locale\" content=\"es_ES\" \/>\n<meta property=\"og:type\" content=\"article\" \/>\n<meta property=\"og:title\" content=\"How to Create a Step\u2011by\u2011Step Electrical Circuit Procedure in Didaktos - DIDAKTOS AI\" \/>\n<meta property=\"og:description\" content=\"Step\u2011by\u2011step tutorial Use case: \u201cI need a step\u2011by\u2011step procedure for a basic electrical circuit activity.\u201d 1. Open Didaktos and go [&hellip;]\" \/>\n<meta property=\"og:url\" content=\"https:\/\/didaktos.io\/es\/como-crear-un-procedimiento-de-circuito-electrico-paso-a-paso-en-didaktos\/\" \/>\n<meta property=\"og:site_name\" content=\"DIDAKTOS AI\" \/>\n<meta property=\"article:modified_time\" content=\"2026-02-01T19:02:10+00:00\" \/>\n<meta name=\"twitter:card\" content=\"summary_large_image\" \/>\n<meta name=\"twitter:label1\" content=\"Tiempo de lectura\" \/>\n\t<meta name=\"twitter:data1\" content=\"2 minutos\" \/>\n<script type=\"application\/ld+json\" class=\"yoast-schema-graph\">{\"@context\":\"https:\\\/\\\/schema.org\",\"@graph\":[{\"@type\":\"WebPage\",\"@id\":\"https:\\\/\\\/didaktos.io\\\/how-to-create-a-step-by-step-electrical-circuit-procedure-in-didaktos\\\/\",\"url\":\"https:\\\/\\\/didaktos.io\\\/how-to-create-a-step-by-step-electrical-circuit-procedure-in-didaktos\\\/\",\"name\":\"How to Create a Step\u2011by\u2011Step Electrical Circuit Procedure in Didaktos - DIDAKTOS AI\",\"isPartOf\":{\"@id\":\"https:\\\/\\\/didaktos.io\\\/#website\"},\"datePublished\":\"2026-02-01T19:02:09+00:00\",\"dateModified\":\"2026-02-01T19:02:10+00:00\",\"breadcrumb\":{\"@id\":\"https:\\\/\\\/didaktos.io\\\/how-to-create-a-step-by-step-electrical-circuit-procedure-in-didaktos\\\/#breadcrumb\"},\"inLanguage\":\"es\",\"potentialAction\":[{\"@type\":\"ReadAction\",\"target\":[\"https:\\\/\\\/didaktos.io\\\/how-to-create-a-step-by-step-electrical-circuit-procedure-in-didaktos\\\/\"]}]},{\"@type\":\"BreadcrumbList\",\"@id\":\"https:\\\/\\\/didaktos.io\\\/how-to-create-a-step-by-step-electrical-circuit-procedure-in-didaktos\\\/#breadcrumb\",\"itemListElement\":[{\"@type\":\"ListItem\",\"position\":1,\"name\":\"Home\",\"item\":\"https:\\\/\\\/didaktos.io\\\/\"},{\"@type\":\"ListItem\",\"position\":2,\"name\":\"How to Create a Step\u2011by\u2011Step Electrical Circuit Procedure in Didaktos\"}]},{\"@type\":\"WebSite\",\"@id\":\"https:\\\/\\\/didaktos.io\\\/#website\",\"url\":\"https:\\\/\\\/didaktos.io\\\/\",\"name\":\"DIDAKTOS AI\",\"description\":\"\",\"potentialAction\":[{\"@type\":\"SearchAction\",\"target\":{\"@type\":\"EntryPoint\",\"urlTemplate\":\"https:\\\/\\\/didaktos.io\\\/?s={search_term_string}\"},\"query-input\":{\"@type\":\"PropertyValueSpecification\",\"valueRequired\":true,\"valueName\":\"search_term_string\"}}],\"inLanguage\":\"es\"}]}<\/script>\n<!-- \/ Yoast SEO plugin. -->","yoast_head_json":{"title":"C\u00f3mo Crear un Procedimiento El\u00e9ctrico Paso a Paso en Didaktos - DIDAKTOS AI","robots":{"index":"index","follow":"follow","max-snippet":"max-snippet:-1","max-image-preview":"max-image-preview:large","max-video-preview":"max-video-preview:-1"},"canonical":"https:\/\/didaktos.io\/es\/como-crear-un-procedimiento-de-circuito-electrico-paso-a-paso-en-didaktos\/","og_locale":"es_ES","og_type":"article","og_title":"How to Create a Step\u2011by\u2011Step Electrical Circuit Procedure in Didaktos - DIDAKTOS AI","og_description":"Step\u2011by\u2011step tutorial Use case: \u201cI need a step\u2011by\u2011step procedure for a basic electrical circuit activity.\u201d 1. Open Didaktos and go [&hellip;]","og_url":"https:\/\/didaktos.io\/es\/como-crear-un-procedimiento-de-circuito-electrico-paso-a-paso-en-didaktos\/","og_site_name":"DIDAKTOS AI","article_modified_time":"2026-02-01T19:02:10+00:00","twitter_card":"summary_large_image","twitter_misc":{"Tiempo de lectura":"2 minutos"},"schema":{"@context":"https:\/\/schema.org","@graph":[{"@type":"WebPage","@id":"https:\/\/didaktos.io\/how-to-create-a-step-by-step-electrical-circuit-procedure-in-didaktos\/","url":"https:\/\/didaktos.io\/how-to-create-a-step-by-step-electrical-circuit-procedure-in-didaktos\/","name":"C\u00f3mo Crear un Procedimiento El\u00e9ctrico Paso a Paso en Didaktos - DIDAKTOS AI","isPartOf":{"@id":"https:\/\/didaktos.io\/#website"},"datePublished":"2026-02-01T19:02:09+00:00","dateModified":"2026-02-01T19:02:10+00:00","breadcrumb":{"@id":"https:\/\/didaktos.io\/how-to-create-a-step-by-step-electrical-circuit-procedure-in-didaktos\/#breadcrumb"},"inLanguage":"es","potentialAction":[{"@type":"ReadAction","target":["https:\/\/didaktos.io\/how-to-create-a-step-by-step-electrical-circuit-procedure-in-didaktos\/"]}]},{"@type":"BreadcrumbList","@id":"https:\/\/didaktos.io\/how-to-create-a-step-by-step-electrical-circuit-procedure-in-didaktos\/#breadcrumb","itemListElement":[{"@type":"ListItem","position":1,"name":"Home","item":"https:\/\/didaktos.io\/"},{"@type":"ListItem","position":2,"name":"How to Create a Step\u2011by\u2011Step Electrical Circuit Procedure in Didaktos"}]},{"@type":"WebSite","@id":"https:\/\/didaktos.io\/#website","url":"https:\/\/didaktos.io\/","name":"DIDAKTOS AI","description":"","potentialAction":[{"@type":"SearchAction","target":{"@type":"EntryPoint","urlTemplate":"https:\/\/didaktos.io\/?s={search_term_string}"},"query-input":{"@type":"PropertyValueSpecification","valueRequired":true,"valueName":"search_term_string"}}],"inLanguage":"es"}]}},"_hostinger_reach_plugin_has_subscription_block":false,"_hostinger_reach_plugin_is_elementor":false,"_links":{"self":[{"href":"https:\/\/didaktos.io\/es\/wp-json\/wp\/v2\/pages\/347","targetHints":{"allow":["GET"]}}],"collection":[{"href":"https:\/\/didaktos.io\/es\/wp-json\/wp\/v2\/pages"}],"about":[{"href":"https:\/\/didaktos.io\/es\/wp-json\/wp\/v2\/types\/page"}],"author":[{"embeddable":true,"href":"https:\/\/didaktos.io\/es\/wp-json\/wp\/v2\/users\/1"}],"replies":[{"embeddable":true,"href":"https:\/\/didaktos.io\/es\/wp-json\/wp\/v2\/comments?post=347"}],"version-history":[{"count":4,"href":"https:\/\/didaktos.io\/es\/wp-json\/wp\/v2\/pages\/347\/revisions"}],"predecessor-version":[{"id":352,"href":"https:\/\/didaktos.io\/es\/wp-json\/wp\/v2\/pages\/347\/revisions\/352"}],"wp:attachment":[{"href":"https:\/\/didaktos.io\/es\/wp-json\/wp\/v2\/media?parent=347"}],"curies":[{"name":"wp","href":"https:\/\/api.w.org\/{rel}","templated":true}]}}