{"id":80,"date":"2026-01-21T19:18:52","date_gmt":"2026-01-21T19:18:52","guid":{"rendered":"https:\/\/didaktos.io\/product\/didaktos-ai\/"},"modified":"2026-02-24T15:18:15","modified_gmt":"2026-02-24T15:18:15","slug":"didaktos-ai","status":"publish","type":"product","link":"https:\/\/didaktos.io\/es\/product\/didaktos-ai\/","title":{"rendered":"Didaktos AI"},"content":{"rendered":"<p>El AI Teaching Assistant es una plataforma inteligente todo en uno dise\u00f1ada para proporcionar a los educadores recursos did\u00e1cticos instant\u00e1neos y de alta calidad. Dise\u00f1ada para todas las asignaturas, grados y metodolog\u00edas de ense\u00f1anza, genera en segundos planes de clases personalizados, materiales para el aula, evaluaciones, guiones multimedia y actividades diferenciadas. Los profesores pueden crear planes anuales, lecciones diarias, hojas de trabajo, r\u00fabricas, cuestionarios, gu\u00edas de proyectos, actividades SEL e incluso herramientas de aprendizaje gamificadas, totalmente adaptadas a las necesidades de los estudiantes, estilos de aprendizaje y est\u00e1ndares curriculares. Con su dise\u00f1o flexible y flujo de trabajo centrado en el educador, el AI Teaching Assistant reduce el tiempo de planificaci\u00f3n, mejora la calidad de la ense\u00f1anza y ayuda a los profesores a centrarse en lo que m\u00e1s importa: experiencias de aprendizaje significativas para cada estudiante.<\/p>","protected":false},"excerpt":{"rendered":"<p>AI Teaching Assistant es una herramienta inteligente que crea instant\u00e1neamente recursos educativos de alta calidad para los profesores. Genera planes de lecciones, hojas de trabajo, evaluaciones, guiones y materiales personalizados para los estudiantes en cuesti\u00f3n de segundos, lo que ayuda a los educadores a ahorrar tiempo y ofrecer experiencias de aprendizaje m\u00e1s atractivas y eficaces.<\/p>","protected":false},"featured_media":77,"comment_status":"open","ping_status":"closed","template":"","meta":{"site-sidebar-layout":"default","site-content-layout":"","ast-site-content-layout":"default","site-content-style":"default","site-sidebar-style":"default","ast-global-header-display":"","ast-banner-title-visibility":"","ast-main-header-display":"","ast-hfb-above-header-display":"","ast-hfb-below-header-display":"","ast-hfb-mobile-header-display":"","site-post-title":"","ast-breadcrumbs-content":"","ast-featured-img":"","footer-sml-layout":"","ast-disable-related-posts":"","theme-transparent-header-meta":"default","adv-header-id-meta":"","stick-header-meta":"","header-above-stick-meta":"","header-main-stick-meta":"","header-below-stick-meta":"","astra-migrate-meta-layouts":"set","ast-page-background-enabled":"default","ast-page-background-meta":{"desktop":{"background-color":"var(--ast-global-color-5)","background-image":"","background-repeat":"repeat","background-position":"center center","background-size":"auto","background-attachment":"scroll","background-type":"","background-media":"","overlay-type":"","overlay-color":"","overlay-opacity":"","overlay-gradient":""},"tablet":{"background-color":"","background-image":"","background-repeat":"repeat","background-position":"center center","background-size":"auto","background-attachment":"scroll","background-type":"","background-media":"","overlay-type":"","overlay-color":"","overlay-opacity":"","overlay-gradient":""},"mobile":{"background-color":"","background-image":"","background-repeat":"repeat","background-position":"center center","background-size":"auto","background-attachment":"scroll","background-type":"","background-media":"","overlay-type":"","overlay-color":"","overlay-opacity":"","overlay-gradient":""}},"ast-content-background-meta":{"desktop":{"background-color":"var(--ast-global-color-4)","background-image":"","background-repeat":"repeat","background-position":"center center","background-size":"auto","background-attachment":"scroll","background-type":"","background-media":"","overlay-type":"","overlay-color":"","overlay-opacity":"","overlay-gradient":""},"tablet":{"background-color":"var(--ast-global-color-4)","background-image":"","background-repeat":"repeat","background-position":"center center","background-size":"auto","background-attachment":"scroll","background-type":"","background-media":"","overlay-type":"","overlay-color":"","overlay-opacity":"","overlay-gradient":""},"mobile":{"background-color":"var(--ast-global-color-4)","background-image":"","background-repeat":"repeat","background-position":"center center","background-size":"auto","background-attachment":"scroll","background-type":"","background-media":"","overlay-type":"","overlay-color":"","overlay-opacity":"","overlay-gradient":""}}},"product_brand":[],"product_cat":[18],"product_tag":[],"class_list":{"0":"post-80","1":"product","2":"type-product","3":"status-publish","4":"has-post-thumbnail","6":"product_cat-subscriptions","7":"desktop-align-left","8":"tablet-align-left","9":"mobile-align-left","11":"first","12":"instock","13":"sale","14":"virtual","15":"purchasable","16":"product-type-simple"},"yoast_head":"<!-- This site is optimized with the Yoast SEO plugin v27.6 - https:\/\/yoast.com\/product\/yoast-seo-wordpress\/ -->\n<title>Didaktos AI - DIDAKTOS AI<\/title>\n<meta name=\"robots\" content=\"index, follow, max-snippet:-1, max-image-preview:large, max-video-preview:-1\" \/>\n<link rel=\"canonical\" href=\"https:\/\/didaktos.io\/es\/producto\/didaktos-ai\/\" \/>\n<meta property=\"og:locale\" content=\"es_ES\" \/>\n<meta property=\"og:type\" content=\"article\" \/>\n<meta property=\"og:title\" content=\"Didaktos AI - DIDAKTOS AI\" \/>\n<meta property=\"og:description\" content=\"The AI Teaching Assistant is a smart tool that instantly creates high\u2011quality educational resources for teachers. It generates lesson plans, worksheets, assessments, scripts, and personalized student materials in seconds, helping educators save time and deliver more engaging, effective learning experiences\" \/>\n<meta property=\"og:url\" content=\"https:\/\/didaktos.io\/es\/producto\/didaktos-ai\/\" \/>\n<meta property=\"og:site_name\" content=\"DIDAKTOS AI\" \/>\n<meta property=\"article:modified_time\" content=\"2026-02-24T15:18:15+00:00\" \/>\n<meta property=\"og:image\" content=\"https:\/\/didaktos.io\/wp-content\/uploads\/2026\/01\/didaktos.io_-e1772753509215.jpeg\" \/>\n\t<meta property=\"og:image:width\" content=\"1000\" \/>\n\t<meta property=\"og:image:height\" content=\"586\" \/>\n\t<meta property=\"og:image:type\" content=\"image\/jpeg\" \/>\n<meta name=\"twitter:card\" content=\"summary_large_image\" \/>\n<meta name=\"twitter:label1\" content=\"Tiempo de lectura\" \/>\n\t<meta name=\"twitter:data1\" content=\"1 minuto\" \/>\n<script type=\"application\/ld+json\" class=\"yoast-schema-graph\">{\"@context\":\"https:\\\/\\\/schema.org\",\"@graph\":[{\"@type\":\"WebPage\",\"@id\":\"https:\\\/\\\/didaktos.io\\\/product\\\/didaktos-ai\\\/\",\"url\":\"https:\\\/\\\/didaktos.io\\\/product\\\/didaktos-ai\\\/\",\"name\":\"Didaktos AI - DIDAKTOS AI\",\"isPartOf\":{\"@id\":\"https:\\\/\\\/didaktos.io\\\/#website\"},\"primaryImageOfPage\":{\"@id\":\"https:\\\/\\\/didaktos.io\\\/product\\\/didaktos-ai\\\/#primaryimage\"},\"image\":{\"@id\":\"https:\\\/\\\/didaktos.io\\\/product\\\/didaktos-ai\\\/#primaryimage\"},\"thumbnailUrl\":\"https:\\\/\\\/didaktos.io\\\/wp-content\\\/uploads\\\/2026\\\/01\\\/didaktos.io_-e1772753509215.jpeg\",\"datePublished\":\"2026-01-21T19:18:52+00:00\",\"dateModified\":\"2026-02-24T15:18:15+00:00\",\"breadcrumb\":{\"@id\":\"https:\\\/\\\/didaktos.io\\\/product\\\/didaktos-ai\\\/#breadcrumb\"},\"inLanguage\":\"es\",\"potentialAction\":[{\"@type\":\"ReadAction\",\"target\":[\"https:\\\/\\\/didaktos.io\\\/product\\\/didaktos-ai\\\/\"]}]},{\"@type\":\"ImageObject\",\"inLanguage\":\"es\",\"@id\":\"https:\\\/\\\/didaktos.io\\\/product\\\/didaktos-ai\\\/#primaryimage\",\"url\":\"https:\\\/\\\/didaktos.io\\\/wp-content\\\/uploads\\\/2026\\\/01\\\/didaktos.io_-e1772753509215.jpeg\",\"contentUrl\":\"https:\\\/\\\/didaktos.io\\\/wp-content\\\/uploads\\\/2026\\\/01\\\/didaktos.io_-e1772753509215.jpeg\",\"width\":1000,\"height\":586},{\"@type\":\"BreadcrumbList\",\"@id\":\"https:\\\/\\\/didaktos.io\\\/product\\\/didaktos-ai\\\/#breadcrumb\",\"itemListElement\":[{\"@type\":\"ListItem\",\"position\":1,\"name\":\"Home\",\"item\":\"https:\\\/\\\/didaktos.io\\\/\"},{\"@type\":\"ListItem\",\"position\":2,\"name\":\"Products\",\"item\":\"https:\\\/\\\/didaktos.io\\\/my-subscriptions__trashed\\\/\"},{\"@type\":\"ListItem\",\"position\":3,\"name\":\"Didaktos AI\"}]},{\"@type\":\"WebSite\",\"@id\":\"https:\\\/\\\/didaktos.io\\\/#website\",\"url\":\"https:\\\/\\\/didaktos.io\\\/\",\"name\":\"DIDAKTOS AI\",\"description\":\"\",\"potentialAction\":[{\"@type\":\"SearchAction\",\"target\":{\"@type\":\"EntryPoint\",\"urlTemplate\":\"https:\\\/\\\/didaktos.io\\\/?s={search_term_string}\"},\"query-input\":{\"@type\":\"PropertyValueSpecification\",\"valueRequired\":true,\"valueName\":\"search_term_string\"}}],\"inLanguage\":\"es\"}]}<\/script>\n<!-- \/ Yoast SEO plugin. -->","yoast_head_json":{"title":"Didaktos IA - DIDAKTOS IA","robots":{"index":"index","follow":"follow","max-snippet":"max-snippet:-1","max-image-preview":"max-image-preview:large","max-video-preview":"max-video-preview:-1"},"canonical":"https:\/\/didaktos.io\/es\/producto\/didaktos-ai\/","og_locale":"es_ES","og_type":"article","og_title":"Didaktos AI - DIDAKTOS AI","og_description":"The AI Teaching Assistant is a smart tool that instantly creates high\u2011quality educational resources for teachers. It generates lesson plans, worksheets, assessments, scripts, and personalized student materials in seconds, helping educators save time and deliver more engaging, effective learning experiences","og_url":"https:\/\/didaktos.io\/es\/producto\/didaktos-ai\/","og_site_name":"DIDAKTOS AI","article_modified_time":"2026-02-24T15:18:15+00:00","og_image":[{"width":1000,"height":586,"url":"https:\/\/didaktos.io\/wp-content\/uploads\/2026\/01\/didaktos.io_-e1772753509215.jpeg","type":"image\/jpeg"}],"twitter_card":"summary_large_image","twitter_misc":{"Tiempo de lectura":"1 minuto"},"schema":{"@context":"https:\/\/schema.org","@graph":[{"@type":"WebPage","@id":"https:\/\/didaktos.io\/product\/didaktos-ai\/","url":"https:\/\/didaktos.io\/product\/didaktos-ai\/","name":"Didaktos IA - DIDAKTOS IA","isPartOf":{"@id":"https:\/\/didaktos.io\/#website"},"primaryImageOfPage":{"@id":"https:\/\/didaktos.io\/product\/didaktos-ai\/#primaryimage"},"image":{"@id":"https:\/\/didaktos.io\/product\/didaktos-ai\/#primaryimage"},"thumbnailUrl":"https:\/\/didaktos.io\/wp-content\/uploads\/2026\/01\/didaktos.io_-e1772753509215.jpeg","datePublished":"2026-01-21T19:18:52+00:00","dateModified":"2026-02-24T15:18:15+00:00","breadcrumb":{"@id":"https:\/\/didaktos.io\/product\/didaktos-ai\/#breadcrumb"},"inLanguage":"es","potentialAction":[{"@type":"ReadAction","target":["https:\/\/didaktos.io\/product\/didaktos-ai\/"]}]},{"@type":"ImageObject","inLanguage":"es","@id":"https:\/\/didaktos.io\/product\/didaktos-ai\/#primaryimage","url":"https:\/\/didaktos.io\/wp-content\/uploads\/2026\/01\/didaktos.io_-e1772753509215.jpeg","contentUrl":"https:\/\/didaktos.io\/wp-content\/uploads\/2026\/01\/didaktos.io_-e1772753509215.jpeg","width":1000,"height":586},{"@type":"BreadcrumbList","@id":"https:\/\/didaktos.io\/product\/didaktos-ai\/#breadcrumb","itemListElement":[{"@type":"ListItem","position":1,"name":"Home","item":"https:\/\/didaktos.io\/"},{"@type":"ListItem","position":2,"name":"Products","item":"https:\/\/didaktos.io\/my-subscriptions__trashed\/"},{"@type":"ListItem","position":3,"name":"Didaktos AI"}]},{"@type":"WebSite","@id":"https:\/\/didaktos.io\/#website","url":"https:\/\/didaktos.io\/","name":"DIDAKTOS AI","description":"","potentialAction":[{"@type":"SearchAction","target":{"@type":"EntryPoint","urlTemplate":"https:\/\/didaktos.io\/?s={search_term_string}"},"query-input":{"@type":"PropertyValueSpecification","valueRequired":true,"valueName":"search_term_string"}}],"inLanguage":"es"}]}},"_links":{"self":[{"href":"https:\/\/didaktos.io\/es\/wp-json\/wp\/v2\/product\/80","targetHints":{"allow":["GET"]}}],"collection":[{"href":"https:\/\/didaktos.io\/es\/wp-json\/wp\/v2\/product"}],"about":[{"href":"https:\/\/didaktos.io\/es\/wp-json\/wp\/v2\/types\/product"}],"replies":[{"embeddable":true,"href":"https:\/\/didaktos.io\/es\/wp-json\/wp\/v2\/comments?post=80"}],"wp:featuredmedia":[{"embeddable":true,"href":"https:\/\/didaktos.io\/es\/wp-json\/wp\/v2\/media\/77"}],"wp:attachment":[{"href":"https:\/\/didaktos.io\/es\/wp-json\/wp\/v2\/media?parent=80"}],"wp:term":[{"taxonomy":"product_brand","embeddable":true,"href":"https:\/\/didaktos.io\/es\/wp-json\/wp\/v2\/product_brand?post=80"},{"taxonomy":"product_cat","embeddable":true,"href":"https:\/\/didaktos.io\/es\/wp-json\/wp\/v2\/product_cat?post=80"},{"taxonomy":"product_tag","embeddable":true,"href":"https:\/\/didaktos.io\/es\/wp-json\/wp\/v2\/product_tag?post=80"}],"curies":[{"name":"wp","href":"https:\/\/api.w.org\/{rel}","templated":true}]}}